{"id":7,"date":"2013-04-09T16:20:14","date_gmt":"2013-04-09T20:20:14","guid":{"rendered":"http:\/\/www.agencetopo.qc.ca\/wp\/?page_id=7"},"modified":"2023-12-12T15:06:34","modified_gmt":"2023-12-12T20:06:34","slug":"ca","status":"publish","type":"page","link":"https:\/\/www.agencetopo.qc.ca\/wp\/en\/topo\/ca\/","title":{"rendered":"[:fr]Conseil d&#8217;administration[:en]Board of directors[:]"},"content":{"rendered":"<p>&nbsp;<\/p>\n<p>\n<table id=\"tablepress-4\" class=\"tablepress tablepress-id-4\">\n<tbody>\n<tr class=\"row-1\">\n\t<td class=\"column-1\"><img style=\"width:200px\" src=\"https:\/\/www.agencetopo.qc.ca\/wp\/wp-content\/uploads\/2023\/09\/Sven_1200x1200_cre\u0301dit-photo_Luc-Girouard.png\" alt=\"\" class=\"aligncenter wp-image-14424\" \/><\/td><td class=\"column-2\">President<\/td><td class=\"column-3\">Sven Buridans<\/td><td class=\"column-4\">Multimedia artist and manager at TADA (F\u00e9d\u00e9ration culturelle canadienne-fran\u00e7aise - FCCF)<\/td>\n<\/tr>\n<tr class=\"row-2\">\n\t<td class=\"column-1\"><img style=\"width:200px\" src=\"https:\/\/www.agencetopo.qc.ca\/wp\/wp-content\/uploads\/2023\/09\/MarieEveBerlinger_Photo_Profil-cre\u0301dit_ma_blonde.png\" alt=\"\" class=\"aligncenter wp-image-14434\" \/><\/td><td class=\"column-2\">Vice-president <\/td><td class=\"column-3\">Marie Eve Berlinger<\/td><td class=\"column-4\">Co-founder of POP, culture + num\u00e9rique<\/td>\n<\/tr>\n<tr class=\"row-3\">\n\t<td class=\"column-1\"><img style=\"width:200px\" src=\"https:\/\/www.agencetopo.qc.ca\/wp\/wp-content\/uploads\/2023\/09\/EvaQuintas_photoAlainLefort_nb_2023_72dpi.png\" alt=\"\" class=\"aligncenter wp-image-14432\" \/><\/td><td class=\"column-2\">Secretary<\/td><td class=\"column-3\">Eva Quintas<\/td><td class=\"column-4\">Visual and digital artist and consultant in cultural development, co-founder at TOPO<\/td>\n<\/tr>\n<tr class=\"row-4\">\n\t<td class=\"column-1\"><img style=\"width:200px\" src=\"https:\/\/www.agencetopo.qc.ca\/wp\/wp-content\/uploads\/2023\/09\/gabphoto.png\" alt=\"\" class=\"aligncenter wp-image-14433\" \/><\/td><td class=\"column-2\">Treasurer<\/td><td class=\"column-3\">Gabriel Galvis<\/td><td class=\"column-4\">Project manager at Fonds de solidarit\u00e9, F\u00e9d\u00e9ration des travailleurs et travailleuses du Qu\u00e9bec (FTQ)<\/td>\n<\/tr>\n<tr class=\"row-5\">\n\t<td class=\"column-1\"><img style=\"width:200px\" src=\"https:\/\/www.agencetopo.qc.ca\/wp\/wp-content\/uploads\/2023\/09\/Morissette_credit_JessicaGarneau.png\" alt=\"\" class=\"aligncenter wp-image-14430\" \/><\/td><td class=\"column-2\">Administrator<\/td><td class=\"column-3\">St\u00e9phanie Morissette<\/td><td class=\"column-4\">Visual and digital artist<\/td>\n<\/tr>\n<tr class=\"row-6\">\n\t<td class=\"column-1\"><img style=\"width:200px\" src=\"https:\/\/www.agencetopo.qc.ca\/wp\/wp-content\/uploads\/2023\/09\/ESanchis_2021_N_B.png\" alt=\"\" class=\"aligncenter wp-image-14431\" \/><\/td><td class=\"column-2\">Administrator<\/td><td class=\"column-3\">Elody Sanchis (Libe)<\/td><td class=\"column-4\">Visual and digital artist and director at Studio Parachute<\/td>\n<\/tr>\n<\/tbody>\n<\/table>\n<!-- #tablepress-4 from cache --><\/p>","protected":false},"excerpt":{"rendered":"<p>&nbsp;<\/p>\n","protected":false},"author":2,"featured_media":0,"parent":5,"menu_order":0,"comment_status":"closed","ping_status":"closed","template":"page-full-width.php","meta":{"ngg_post_thumbnail":0},"yoast_head":"<!-- This site is optimized with the Yoast SEO plugin v16.5 - https:\/\/yoast.com\/wordpress\/plugins\/seo\/ -->\n<title>TOPO &bull; Board of directors<\/title>\n<meta name=\"description\" content=\"Des experts passionn\u00e9s qui guident notre mission artistique et strat\u00e9gique, contribuant \u00e0 fa\u00e7onner l&#039;avenir de la cr\u00e9ativit\u00e9 num\u00e9rique.\" \/>\n<meta name=\"robots\" content=\"index, follow, max-snippet:-1, max-image-preview:large, max-video-preview:-1\" \/>\n<link rel=\"canonical\" href=\"https:\/\/www.agencetopo.qc.ca\/wp\/topo\/ca\/\" \/>\n<meta property=\"og:locale\" content=\"en_US\" \/>\n<meta property=\"og:type\" content=\"article\" \/>\n<meta property=\"og:title\" content=\"TOPO &bull; Board of directors\" \/>\n<meta property=\"og:description\" content=\"{:fr}Des experts passionn\u00e9s qui guident notre mission artistique et strat\u00e9gique, contribuant \u00e0 fa\u00e7onner l&#039;avenir de la cr\u00e9ativit\u00e9 num\u00e9rique.{:}\" \/>\n<meta property=\"og:url\" content=\"https:\/\/www.agencetopo.qc.ca\/wp\/topo\/ca\/\" \/>\n<meta property=\"og:site_name\" content=\"TOPO\" \/>\n<meta property=\"article:publisher\" content=\"https:\/\/www.facebook.com\/topomtl\" \/>\n<meta property=\"article:modified_time\" content=\"2023-12-12T20:06:34+00:00\" \/>\n<meta property=\"og:image\" content=\"https:\/\/www.agencetopo.qc.ca\/wp\/wp-content\/uploads\/2021\/06\/LOGO_TOPO_CENTRECREATION.png\" \/>\n\t<meta property=\"og:image:width\" content=\"3000\" \/>\n\t<meta property=\"og:image:height\" content=\"1286\" \/>\n<meta name=\"twitter:card\" content=\"summary\" \/>\n<meta name=\"twitter:site\" content=\"@TOPO_mtl\" \/>\n<meta name=\"twitter:label1\" content=\"Est. reading time\" \/>\n\t<meta name=\"twitter:data1\" content=\"1 minute\" \/>\n<!-- \/ Yoast SEO plugin. -->","_links":{"self":[{"href":"https:\/\/www.agencetopo.qc.ca\/wp\/en\/wp-json\/wp\/v2\/pages\/7"}],"collection":[{"href":"https:\/\/www.agencetopo.qc.ca\/wp\/en\/wp-json\/wp\/v2\/pages"}],"about":[{"href":"https:\/\/www.agencetopo.qc.ca\/wp\/en\/wp-json\/wp\/v2\/types\/page"}],"author":[{"embeddable":true,"href":"https:\/\/www.agencetopo.qc.ca\/wp\/en\/wp-json\/wp\/v2\/users\/2"}],"replies":[{"embeddable":true,"href":"https:\/\/www.agencetopo.qc.ca\/wp\/en\/wp-json\/wp\/v2\/comments?post=7"}],"version-history":[{"count":68,"href":"https:\/\/www.agencetopo.qc.ca\/wp\/en\/wp-json\/wp\/v2\/pages\/7\/revisions"}],"predecessor-version":[{"id":13453,"href":"https:\/\/www.agencetopo.qc.ca\/wp\/en\/wp-json\/wp\/v2\/pages\/7\/revisions\/13453"}],"up":[{"embeddable":true,"href":"https:\/\/www.agencetopo.qc.ca\/wp\/en\/wp-json\/wp\/v2\/pages\/5"}],"wp:attachment":[{"href":"https:\/\/www.agencetopo.qc.ca\/wp\/en\/wp-json\/wp\/v2\/media?parent=7"}],"curies":[{"name":"wp","href":"https:\/\/api.w.org\/{rel}","templated":true}]}}