{"id":10538,"date":"2019-08-12T11:32:22","date_gmt":"2019-08-12T15:32:22","guid":{"rendered":"http:\/\/www.agencetopo.qc.ca\/wp\/?page_id=10538"},"modified":"2023-12-11T14:54:29","modified_gmt":"2023-12-11T19:54:29","slug":"formations-archives","status":"publish","type":"page","link":"https:\/\/www.agencetopo.qc.ca\/wp\/formations-archives\/","title":{"rendered":"[:fr]Archives des formations[:en]Workshops archive[:]"},"content":{"rendered":"","protected":false},"excerpt":{"rendered":"","protected":false},"author":2,"featured_media":0,"parent":0,"menu_order":0,"comment_status":"closed","ping_status":"closed","template":"formation-archives.php","meta":{"ngg_post_thumbnail":0},"yoast_head":"<!-- This site is optimized with the Yoast SEO plugin v16.5 - https:\/\/yoast.com\/wordpress\/plugins\/seo\/ -->\n<title>TOPO &bull; Archives des formations<\/title>\n<meta name=\"description\" content=\"Chaque ann\u00e9e, TOPO renouvelle son offre de formations en arts num\u00e9riques d\u00e9di\u00e9es aux artistes avec le soutien d&#039;Emploi-Qu\u00e9bec.\" \/>\n<meta name=\"robots\" content=\"index, follow, max-snippet:-1, max-image-preview:large, max-video-preview:-1\" \/>\n<link rel=\"canonical\" href=\"https:\/\/www.agencetopo.qc.ca\/wp\/formations-archives\/\" \/>\n<meta property=\"og:locale\" content=\"fr_FR\" \/>\n<meta property=\"og:type\" content=\"article\" \/>\n<meta property=\"og:title\" content=\"TOPO &bull; Archives des formations\" \/>\n<meta property=\"og:description\" content=\"{:fr}Chaque ann\u00e9e, TOPO renouvelle son offre de formations en arts num\u00e9riques d\u00e9di\u00e9es aux artistes avec le soutien d&#039;Emploi-Qu\u00e9bec.{:}\" \/>\n<meta property=\"og:url\" content=\"https:\/\/www.agencetopo.qc.ca\/wp\/formations-archives\/\" \/>\n<meta property=\"og:site_name\" content=\"TOPO\" \/>\n<meta property=\"article:publisher\" content=\"https:\/\/www.facebook.com\/topomtl\" \/>\n<meta property=\"article:modified_time\" content=\"2023-12-11T19:54:29+00:00\" \/>\n<meta property=\"og:image\" content=\"https:\/\/www.agencetopo.qc.ca\/wp\/wp-content\/uploads\/2021\/06\/LOGO_TOPO_CENTRECREATION.png\" \/>\n\t<meta property=\"og:image:width\" content=\"3000\" \/>\n\t<meta property=\"og:image:height\" content=\"1286\" \/>\n<meta name=\"twitter:card\" content=\"summary\" \/>\n<meta name=\"twitter:site\" content=\"@TOPO_mtl\" \/>\n<!-- \/ Yoast SEO plugin. -->","_links":{"self":[{"href":"https:\/\/www.agencetopo.qc.ca\/wp\/wp-json\/wp\/v2\/pages\/10538"}],"collection":[{"href":"https:\/\/www.agencetopo.qc.ca\/wp\/wp-json\/wp\/v2\/pages"}],"about":[{"href":"https:\/\/www.agencetopo.qc.ca\/wp\/wp-json\/wp\/v2\/types\/page"}],"author":[{"embeddable":true,"href":"https:\/\/www.agencetopo.qc.ca\/wp\/wp-json\/wp\/v2\/users\/2"}],"replies":[{"embeddable":true,"href":"https:\/\/www.agencetopo.qc.ca\/wp\/wp-json\/wp\/v2\/comments?post=10538"}],"version-history":[{"count":2,"href":"https:\/\/www.agencetopo.qc.ca\/wp\/wp-json\/wp\/v2\/pages\/10538\/revisions"}],"predecessor-version":[{"id":14659,"href":"https:\/\/www.agencetopo.qc.ca\/wp\/wp-json\/wp\/v2\/pages\/10538\/revisions\/14659"}],"wp:attachment":[{"href":"https:\/\/www.agencetopo.qc.ca\/wp\/wp-json\/wp\/v2\/media?parent=10538"}],"curies":[{"name":"wp","href":"https:\/\/api.w.org\/{rel}","templated":true}]}}