{"id":11,"date":"2013-04-09T16:22:24","date_gmt":"2013-04-09T20:22:24","guid":{"rendered":"http:\/\/www.agencetopo.qc.ca\/wp\/?page_id=11"},"modified":"2023-12-12T13:38:31","modified_gmt":"2023-12-12T18:38:31","slug":"topo-2","status":"publish","type":"page","link":"https:\/\/www.agencetopo.qc.ca\/wp\/","title":{"rendered":"[:fr]Centre de cr\u00e9ation num\u00e9rique[:en]Digital Creation Centre[:]"},"content":{"rendered":"<p class=\"qtranxs-available-languages-message qtranxs-available-languages-message-fr\">D\u00e9sol\u00e9, cet article est seulement disponible en <a href=\"https:\/\/www.agencetopo.qc.ca\/wp\/en\/wp-json\/wp\/v2\/pages\/11\" class=\"qtranxs-available-language-link qtranxs-available-language-link-en\" title=\"EN\">Anglais Am\u00e9ricain<\/a>. Pour le confort de l\u2019utilisateur, le contenu est affich\u00e9 ci-dessous dans une autre langue. Vous pouvez cliquer le lien pour changer de langue active.<\/p><p><\/p>\n<h1 class=\"lead\"><strong>TOPO<\/strong><\/h1>\n<h2 class=\"lead\"><strong>Digital Creation Centre<\/strong><\/h2>\n<p>&nbsp;<\/p>\n<p>TOPO is a Montreal-based artist-run centre whose mission is to assist and equip artists in their exploration of contemporary digital art practices.<br \/>\n\u00a0<br \/>\nIts training, creation, dissemination and outreach activities contribute to the development of its field of practice, at the intersection of visual arts, literature and digital media. The centre assists, supports and carries out interactive projects, hosts artists in residence, offers specialized workshops, and engages in the community through cultural outreach initiatives. Its dissemination component explores innovative modes of presentation for digital works through exhibition, performance, publication and circulation activities.<br \/>\n\u00a0<br \/>\nA member of the Pied Carr\u00e9 group, the centre occupies a multifunctional production space open to the community and an exhibition space located on the first floor of the P\u00f4le de Gasp\u00e9, a creative hub in Montreal\u2019s Mile End district.<\/p>\n<p>\u2013<\/p>\n<p><strong>History<\/strong><\/p>\n<p>TOPO was founded in Montreal on 1993. The centre grew out of the will of its founding members to develop a structure for the organization of collective and multidisciplinary projects that integrate the disciplines of photography and literature.<\/p>\n<p>With the development of digital technologies, TOPO\u2019s mandate has naturally grown to occupy the Web as a territory of creation and dissemination. In 1998, TOPO co-produced \u201cLiquidation, a web-audio fiction\u201d and started its Web activity. From that point on, the organization became active in an ongoing manner in the media arts sector. Since then, TOPO has created and produced Web art projects, most of them collective, with more than one hundred artists from the fields of visual and media arts, theatre, audio, and literature.<\/p>\n<p>While aiming to produce more original content for the Web, TOPO is also interested in presenting and distributing independent multimedia artworks on the Web and on disks (CD, DVD-ROM, and video). In 2001, the centre launched the \u201cElectronic Showcase\u201d as a space for the promotion and presentation of artistic and experimental multimedia works. In 2005, TOPO began to disseminate its Web works through publication, exhibition, and performance activities. In 2007, in partnership with Laboratoire NT2 (New technologies, new textualities) of the Universit\u00e9 du Qu\u00e9bec \u00e0 Montr\u00e9al, TOPO initiated the \u201cSortir de l\u2019\u00e9cran\/Spoken Screen\u201d series, which presents media works with a performative dimension. Finally, in 2013, the organization published a major book on .(La Soci\u00e9t\u00e9 de Conservation du Pr\u00e9sent), a Quebec collective that prefigured the use of electronic networks and computer programming for art and was active from 1985 to 1994.<\/p>\n<p>In Qu\u00e9bec, TOPO is a pioneer in the field of interactive fiction and has served as an incubator for a number of visual artists, performers, and writers who want to experiment with the Web and interactive devices. TOPO occupies a unique niche in the digital arts network, distinguishing itself, notably, for its exploration of new forms of narrativity.<\/p>\n<p>In spring 2014, TOPO relocated into the P\u00f4le de Gasp\u00e9 and took advantage of the move to open a new exhibition space on the ground floor, the Vitrine, where it presents media installations on a regular basis.<\/p>\n<p>TOPO is actively involved in its community, and the years to come offer both promise and challenges.<\/p>","protected":false},"excerpt":{"rendered":"<p>D\u00e9sol\u00e9, cet article est seulement disponible en Anglais Am\u00e9ricain. Pour le confort de l\u2019utilisateur, le contenu est affich\u00e9 ci-dessous dans une autre langue. Vous pouvez cliquer le lien pour changer de langue active. TOPO Digital Creation Centre &nbsp; TOPO is a Montreal-based artist-run centre whose mission is to assist and equip artists in their exploration <a class=\"read-more\" href=\"https:\/\/www.agencetopo.qc.ca\/wp\/\">Lire la suite &raquo;<\/a><\/p>\n","protected":false},"author":2,"featured_media":12715,"parent":0,"menu_order":0,"comment_status":"closed","ping_status":"closed","template":"page-homepage_TEST.php","meta":{"ngg_post_thumbnail":0},"yoast_head":"<!-- This site is optimized with the Yoast SEO plugin v16.5 - https:\/\/yoast.com\/wordpress\/plugins\/seo\/ -->\n<title>TOPO &bull; Centre de cr\u00e9ation num\u00e9rique<\/title>\n<meta name=\"description\" content=\"Nous accompagnons et outillons les artistes dans leurs explorations des pratiques contemporaines en arts et litt\u00e9rature num\u00e9riques.\" \/>\n<meta name=\"robots\" content=\"index, follow, max-snippet:-1, max-image-preview:large, max-video-preview:-1\" \/>\n<link rel=\"canonical\" href=\"https:\/\/www.agencetopo.qc.ca\/wp\/\" \/>\n<meta property=\"og:locale\" content=\"fr_FR\" \/>\n<meta property=\"og:type\" content=\"article\" \/>\n<meta property=\"og:title\" content=\"TOPO &bull; Centre de cr\u00e9ation num\u00e9rique\" \/>\n<meta property=\"og:description\" content=\"{:fr}Nous accompagnons et outillons les artistes dans leurs explorations des pratiques contemporaines en arts et litt\u00e9rature num\u00e9riques.{:en}Our mission is to assist and equip artists in their exploration of contemporary digital art practices.{:}\" \/>\n<meta property=\"og:url\" content=\"https:\/\/www.agencetopo.qc.ca\/wp\/\" \/>\n<meta property=\"og:site_name\" content=\"TOPO\" \/>\n<meta property=\"article:publisher\" content=\"https:\/\/www.facebook.com\/topomtl\" \/>\n<meta property=\"article:modified_time\" content=\"2023-12-12T18:38:31+00:00\" \/>\n<meta property=\"og:image\" content=\"https:\/\/www.agencetopo.qc.ca\/wp\/wp-content\/uploads\/2021\/06\/LOGO_TOPO_CENTRECREATION.png\" \/>\n\t<meta property=\"og:image:width\" content=\"3000\" \/>\n\t<meta property=\"og:image:height\" content=\"1286\" \/>\n<meta name=\"twitter:card\" content=\"summary\" \/>\n<meta name=\"twitter:site\" content=\"@TOPO_mtl\" \/>\n<!-- \/ Yoast SEO plugin. -->","_links":{"self":[{"href":"https:\/\/www.agencetopo.qc.ca\/wp\/wp-json\/wp\/v2\/pages\/11"}],"collection":[{"href":"https:\/\/www.agencetopo.qc.ca\/wp\/wp-json\/wp\/v2\/pages"}],"about":[{"href":"https:\/\/www.agencetopo.qc.ca\/wp\/wp-json\/wp\/v2\/types\/page"}],"author":[{"embeddable":true,"href":"https:\/\/www.agencetopo.qc.ca\/wp\/wp-json\/wp\/v2\/users\/2"}],"replies":[{"embeddable":true,"href":"https:\/\/www.agencetopo.qc.ca\/wp\/wp-json\/wp\/v2\/comments?post=11"}],"version-history":[{"count":37,"href":"https:\/\/www.agencetopo.qc.ca\/wp\/wp-json\/wp\/v2\/pages\/11\/revisions"}],"predecessor-version":[{"id":14571,"href":"https:\/\/www.agencetopo.qc.ca\/wp\/wp-json\/wp\/v2\/pages\/11\/revisions\/14571"}],"wp:featuredmedia":[{"embeddable":true,"href":"https:\/\/www.agencetopo.qc.ca\/wp\/wp-json\/wp\/v2\/media\/12715"}],"wp:attachment":[{"href":"https:\/\/www.agencetopo.qc.ca\/wp\/wp-json\/wp\/v2\/media?parent=11"}],"curies":[{"name":"wp","href":"https:\/\/api.w.org\/{rel}","templated":true}]}}