{"id":5,"date":"2013-04-09T16:19:29","date_gmt":"2013-04-09T20:19:29","guid":{"rendered":"http:\/\/www.agencetopo.qc.ca\/wp\/?page_id=5"},"modified":"2024-02-13T16:02:46","modified_gmt":"2024-02-13T21:02:46","slug":"topo","status":"publish","type":"page","link":"https:\/\/www.agencetopo.qc.ca\/wp\/topo\/","title":{"rendered":"[:fr]\u00c0 propos[:en]About[:]"},"content":{"rendered":"<p><\/p>\n<div class=\"a-propos-topo\">\n<h2 style=\"text-align: center;\">Mission<\/h2>\n<p style=\"text-align: center; font-size: 18px;\">TOPO, centre d\u2019artistes montr\u00e9alais, a pour mission d\u2019accompagner et d\u2019outiller les artistes dans leur exploration des pratiques contemporaines en art et litt\u00e9rature num\u00e9riques.<\/p>\n<h2 style=\"text-align: center;\">Activit\u00e9s<\/h2>\n<p>Ses activit\u00e9s de formation, de cr\u00e9ation, de diffusion et de m\u00e9diation contribuent au d\u00e9veloppement de son champ disciplinaire, au carrefour des arts visuels, de la litt\u00e9rature et des m\u00e9dias num\u00e9riques. Le centre accompagne, soutient et r\u00e9alise des projets interactifs, accueille des artistes en r\u00e9sidence, offre des ateliers sp\u00e9cialis\u00e9s, et s\u2019engage dans la communaut\u00e9 avec des initiatives de m\u00e9diation culturelle. Son volet de diffusion explore des modes de pr\u00e9sentation novateurs pour les \u0153uvres num\u00e9riques \u00e0 travers des activit\u00e9s d\u2019exposition, de publication et de circulation.<\/p>\n<h2 style=\"text-align: center;\">Vision<\/h2>\n<p>Organisme pionnier de l\u2019art web au Qu\u00e9bec, TOPO est un lieu de convergence pour les pratiques num\u00e9riques interdisciplinaires et collaboratives qui contribuent \u00e0 \u00e9crire les r\u00e9cits contemporains d\u2019aujourd\u2019hui et dessiner les imaginaires transm\u00e9diatiques de demain. Ancr\u00e9 dans la communaut\u00e9, TOPO accompagne l\u2019\u00e9volution des arts et des m\u00e9dias interactifs, liant pass\u00e9 et pr\u00e9sent, m\u00e9moire et avenir pour activer de nouvelles narrations, de nouvelles transitions.<\/p>\n<h2 style=\"text-align: center;\">Valeurs<\/h2>\n<p style=\"text-align: center; font-size: 18px;\">Exp\u00e9rimentation &#8211; Collaboration &#8211; Transformation<\/p>\n<p>TOPO acc\u00e9l\u00e8re la cr\u00e9ativit\u00e9 en encourageant l&rsquo;exp\u00e9rimentation dans les pratiques artistiques. Nous favorisons la collaboration entre artistes, technologues et communaut\u00e9s afin de cr\u00e9er des exp\u00e9riences engageantes et inclusives. Dans une perspective de durabilit\u00e9, nos activit\u00e9s de recherche, de cr\u00e9ation, de diffusion et de m\u00e9diation visent des transformations positives pour les publics et l\u2019\u00e9cosyst\u00e8me professionnel.<\/p>\n<h2 style=\"text-align: center;\">Historique<\/h2>\n<p>Fond\u00e9 \u00e0 Montr\u00e9al en 1993, TOPO est n\u00e9 de la volont\u00e9 de ses membres fondateurs de se doter d&rsquo;une structure permettant l&rsquo;organisation de projets collectifs et multidisciplinaires int\u00e9grant \u00e0 la base les disciplines de la photographie et de la litt\u00e9rature.<\/p>\n<p>Avec le d\u00e9veloppement des technologies num\u00e9riques, le mandat de l&rsquo;organisme s&rsquo;est \u00e9tendu pour\u00a0<strong>occuper l&rsquo;Internet comme territoire de cr\u00e9ation et de diffusion<\/strong>. En 1998, TOPO coproduit \u00ab\u00a0Liquidation, une fiction web audio\u00a0\u00bb et d\u00e9bute son activit\u00e9 sur le web. L\u2019organisme devient alors actif de fa\u00e7on continue dans le secteur des arts num\u00e9riques en produisant des projets d&rsquo;art web, pour la plupart collectifs, auxquels ont contribu\u00e9 plus d\u2019une centaine d\u2019artistes issus des arts visuels et m\u00e9diatiques, du th\u00e9\u00e2tre, de l\u2019audio et de la litt\u00e9rature.<\/p>\n<p>Tout en cherchant \u00e0 accro\u00eetre la production de contenu d&rsquo;auteur, TOPO s\u2019int\u00e9resse \u00e0 la\u00a0<strong>diffusion et distribution d&rsquo;\u0153uvres de fiction interactive<\/strong>\u00a0sur le web et sur support (CD\/DVD-Rom et vid\u00e9o). En 2001, l&rsquo;organisme inaugure une Vitrine \u00e9lectronique qui pr\u00e9sente une soixantaine de titres multim\u00e9dias. \u00c0 partir de 2005, TOPO commence \u00e0 diffuser ses \u0153uvres web avec des\u00a0<strong>volets de publication, d\u2019installation ou de performance<\/strong>. En partenariat avec NT2, le Laboratoire de recherche sur les oeuvres hyperm\u00e9diatiques\u00a0de l\u2019Universit\u00e9 du Qu\u00e9bec \u00e0 Montr\u00e9al, TOPO inaugure, en 2007, la s\u00e9rie\u00a0<em>Sortir de l\u2019\u00e9cran \/ Spoken Screen<\/em>\u00a0qui pr\u00e9sente des \u0153uvres m\u00e9diatiques avec une dimension performative. En 2013, l\u2019organisme \u00e9dite une importante publication sur \u00ab.(La Soci\u00e9t\u00e9 de Conservation du Pr\u00e9sent)\u00bb, un collectif qu\u00e9b\u00e9cois pr\u00e9curseur des r\u00e9seaux \u00e9lectroniques et de la programmation informatique, actif entre 1985 et 1994.<\/p>\n<p>Au printemps 2014, TOPO est relocalis\u00e9 dans le P\u00f4le de Gasp\u00e9 et profite de ce d\u00e9m\u00e9nagement pour ouvrir un\u00a0<strong>nouvel espace d\u2019exposition<\/strong>\u00a0au rez-de-chauss\u00e9e,\u00a0<em>la Vitrine<\/em>, permettant la pr\u00e9sentation d\u2019installations m\u00e9diatiques.<\/p>\n<p>Le Conseil des arts de Montr\u00e9al reconna\u00eet l\u2019excellence du centre en le nommant finaliste en arts num\u00e9riques de son Grand Prix 2015.<\/p>\n<p>TOPO s\u2019investit activement dans sa communaut\u00e9 et les ann\u00e9es \u00e0 venir sont prometteuses et pleines de d\u00e9fis.<\/p>\n<\/div>\n<p>&nbsp;<\/p>\n<h2 style=\"text-align: center; margin-bottom: 25px;\">\u00c9quipe<\/h2>\n<div class=\"row\" style=\"margin: 10px 90px 0px 90px;\">\n<div class=\"column-topo\">\n<img loading=\"lazy\" width=\"400\" height=\"400\" class=\"aligncenter size-full wp-image-14439\" style=\"height: 150px; width: auto;\" src=\"https:\/\/www.agencetopo.qc.ca\/wp\/wp-content\/uploads\/2023\/09\/MichelLefebvre-rond.png\" alt=\"\" srcset=\"https:\/\/www.agencetopo.qc.ca\/wp\/wp-content\/uploads\/2023\/09\/MichelLefebvre-rond.png 400w, https:\/\/www.agencetopo.qc.ca\/wp\/wp-content\/uploads\/2023\/09\/MichelLefebvre-rond-300x300.png 300w, https:\/\/www.agencetopo.qc.ca\/wp\/wp-content\/uploads\/2023\/09\/MichelLefebvre-rond-150x150.png 150w, https:\/\/www.agencetopo.qc.ca\/wp\/wp-content\/uploads\/2023\/09\/MichelLefebvre-rond-125x125.png 125w\" sizes=\"(max-width: 400px) 100vw, 400px\" \/>\n<div style=\"text-align: center;\">\n<h3 style=\"font-size: 18px;\">Directeur g\u00e9n\u00e9ral<br \/>\net co-fondateur<\/h3>\n<p>Michel Lefebvre<br \/>\n<a href=\"&#109;&#x61;&#105;&#x6c;t&#x6f;:&#100;&#x69;&#114;&#x65;c&#x74;i&#111;&#x6e;&#64;&#x74;o&#x70;o&#46;&#x61;&#114;&#x74;\">&#100;&#x69;r&#101;&#x63;t&#105;&#x6f;n&#64;&#x74;o&#112;&#x6f;&#46;&#x61;&#x72;&#116;<\/a><\/p>\n<\/div>\n<\/div>\n<div class=\"column-topo\">\n<img loading=\"lazy\" width=\"400\" height=\"400\" class=\"aligncenter wp-image-14440\" style=\"height: 150px; width: auto;\" src=\"https:\/\/www.agencetopo.qc.ca\/wp\/wp-content\/uploads\/2023\/09\/MaximeAlexandreGosselin_rond.png\" alt=\"\" srcset=\"https:\/\/www.agencetopo.qc.ca\/wp\/wp-content\/uploads\/2023\/09\/MaximeAlexandreGosselin_rond.png 400w, https:\/\/www.agencetopo.qc.ca\/wp\/wp-content\/uploads\/2023\/09\/MaximeAlexandreGosselin_rond-300x300.png 300w, https:\/\/www.agencetopo.qc.ca\/wp\/wp-content\/uploads\/2023\/09\/MaximeAlexandreGosselin_rond-150x150.png 150w, https:\/\/www.agencetopo.qc.ca\/wp\/wp-content\/uploads\/2023\/09\/MaximeAlexandreGosselin_rond-125x125.png 125w\" sizes=\"(max-width: 400px) 100vw, 400px\" \/>\n<div style=\"text-align: center;\">\n<h3 style=\"font-size: 18px;\">Directeur technique<\/h3>\n<p>Maxime-Alexandre Gosselin<br \/>\n<a href=\"&#x6d;&#x61;&#x69;&#x6c;&#x74;&#x6f;&#x3a;&#x74;&#x65;&#x63;&#x68;&#x40;&#x74;&#x6f;&#112;&#111;&#46;&#97;&#114;&#116;\" target=\"_blank\" rel=\"noopener noreferrer\">&#116;&#101;&#x63;h&#64;&#x74;&#x6f;p&#111;&#x2e;&#x61;r&#116;<\/a><\/p>\n<\/div>\n<\/div>\n<div class=\"column-topo\">\n<img loading=\"lazy\" width=\"400\" height=\"400\" class=\"aligncenter wp-image-14441\" style=\"height: 150px; width: auto;\" src=\"https:\/\/www.agencetopo.qc.ca\/wp\/wp-content\/uploads\/2023\/09\/RoxaneMichel-rond.png\" alt=\"\" srcset=\"https:\/\/www.agencetopo.qc.ca\/wp\/wp-content\/uploads\/2023\/09\/RoxaneMichel-rond.png 400w, https:\/\/www.agencetopo.qc.ca\/wp\/wp-content\/uploads\/2023\/09\/RoxaneMichel-rond-300x300.png 300w, https:\/\/www.agencetopo.qc.ca\/wp\/wp-content\/uploads\/2023\/09\/RoxaneMichel-rond-150x150.png 150w, https:\/\/www.agencetopo.qc.ca\/wp\/wp-content\/uploads\/2023\/09\/RoxaneMichel-rond-125x125.png 125w\" sizes=\"(max-width: 400px) 100vw, 400px\" \/>\n<div style=\"text-align: center;\">\n<h3 style=\"font-size: 18px;\">Designer graphique<br \/>\net responsable des communications<\/h3>\n<p>Roxane Michel<br \/>\n<a href=\"&#109;&#x61;i&#x6c;t&#111;&#x3a;&#100;&#x69;f&#102;&#x75;&#115;&#x69;o&#x6e;&#x40;&#116;&#x6f;p&#x6f;&#46;&#97;&#x72;&#116;\">&#x64;&#x69;&#x66;&#x66;&#117;&#115;&#105;&#111;n&#64;t&#x6f;&#x70;&#x6f;&#x2e;&#x61;&#114;&#116;<\/a><\/p>\n<\/div>\n<\/div>\n<\/div>\n<hr \/>\n<h2 style=\"text-align: center;\">Informations pratiques<\/h2>\n<div class=\"row\" style=\"margin-left: 0px; margin-top: 10px;\">\n<div class=\"column-topo\">\n<h3>Contact<\/h3>\n<p>5445, avenue de Gasp\u00e9, local 608<br \/>\nMontr\u00e9al (Qu\u00e9bec)<br \/>\nCanada H2T 3B2<br \/>\n<a href=\"&#109;a&#x69;l&#x74;o&#x3a;&#98;&#x6f;&#110;&#x6a;&#111;u&#x72;&#64;&#x74;o&#x70;&#111;&#x2e;&#97;&#x72;&#116;\" target=\"_blank\" rel=\"noopener\">&#98;&#111;&#x6e;&#x6a;&#111;&#117;&#x72;&#x40;&#116;&#111;&#x70;&#x6f;&#46;&#97;&#x72;&#x74;<\/a><br \/>\n1 (514) 279-8676<\/p>\n<p>Nos horaires sont variables et nous faisons parfois du t\u00e9l\u00e9travail, nous ne r\u00e9pondons donc pas toujours au t\u00e9l\u00e9phone. Privil\u00e9giez les courriels pour nous contacter.<\/p>\n<\/div>\n<div class=\"column-topo\">\n<div id=\"acces\">\n<h3>Nous rendre visite<\/h3>\n<\/div>\n<h4>Nos bureaux<\/h4>\n<p>5445, avenue de Gasp\u00e9, local 608<br \/>\n\u2192 6\u00e8me \u00e9tage. <b>Attention, <\/b>les deux ascenseurs de l&rsquo;entr\u00e9e du 5445 ne se rendent pas au 6\u00e8. Il faut prendre les ascenseurs \u00e0 l&rsquo;arri\u00e8re. \u00c0 l&rsquo;\u00e9tage, suivre les fl\u00e8ches vertes vers l&rsquo;espace\u00a0608.<\/p>\n<h4>La vitrine d&rsquo;exposition<\/h4>\n<p>5445, avenue de Gasp\u00e9, local 107 B<br \/>\n\u2192 1er \u00e9tage, devant le poste d&rsquo;accueil de la s\u00e9curit\u00e9.<\/p>\n<\/div>\n<div class=\"column-topo\">\n<h3>Horaires<\/h3>\n<p>Les horaires de la vitrine varient en fonction de l&rsquo;exposition en cours. Visitez la page de notre <a href=\"https:\/\/www.agencetopo.qc.ca\/wp\/events\/category\/programmation\/\">programmation<\/a> pour en savoir plus.<br \/>\nNotre pr\u00e9sence au studio est aussi variable. <a href=\"&#109;a&#x69;l&#x74;o&#x3a;&#98;&#x6f;&#110;&#x6a;&#111;u&#x72;&#64;&#x74;o&#x70;&#111;&#x2e;&#97;&#x72;&#116;\">Contactez-nous<\/a> en amont de votre visite pour vous assurer de notre pr\u00e9sence.<\/p>\n<\/div>\n<\/div>\n<p>&nbsp;<\/p>\n<h3 style=\"font-size: 18px;\">Acc\u00e8s aux personnes \u00e0 mobilit\u00e9 r\u00e9duite<\/h3>\n<p>Pour \u00e9viter les marches \u00e0 l&rsquo;entr\u00e9e du 5445, prendre la rampe d&rsquo;acc\u00e8s du c\u00f4t\u00e9 nord du b\u00e2timent, qui m\u00e8ne au 5455 de Gasp\u00e9. Le 5455 et le 5445 sont connect\u00e9s au premier \u00e9tage. Pour arriver \u00e0 TOPO, prendre les ascenseurs du 5445, tout au bout du corridor.<\/p>\n<p><div class='eo-venue-map googlemap' id='eo_venue_map-1' style='height:300px;width:100%;' ><\/div><\/p>","protected":false},"excerpt":{"rendered":"<p>Mission TOPO, centre d\u2019artistes montr\u00e9alais, a pour mission d\u2019accompagner et d\u2019outiller les artistes dans leur exploration des pratiques contemporaines en art et litt\u00e9rature num\u00e9riques. Activit\u00e9s Ses activit\u00e9s de formation, de cr\u00e9ation, de diffusion et de m\u00e9diation contribuent au d\u00e9veloppement de son champ disciplinaire, au carrefour des arts visuels, de la litt\u00e9rature et des m\u00e9dias num\u00e9riques. <a class=\"read-more\" href=\"https:\/\/www.agencetopo.qc.ca\/wp\/topo\/\">Lire la suite &raquo;<\/a><\/p>\n","protected":false},"author":2,"featured_media":0,"parent":0,"menu_order":0,"comment_status":"closed","ping_status":"closed","template":"page-full-width.php","meta":{"ngg_post_thumbnail":0},"yoast_head":"<!-- This site is optimized with the Yoast SEO plugin v16.5 - https:\/\/yoast.com\/wordpress\/plugins\/seo\/ -->\n<title>TOPO &bull; \u00c0 propos<\/title>\n<meta name=\"description\" content=\"TOPO accompagne et outille les artistes dans leur exploration des pratiques contemporaines en art et litt\u00e9rature num\u00e9riques.\" \/>\n<meta name=\"robots\" content=\"index, follow, max-snippet:-1, max-image-preview:large, max-video-preview:-1\" \/>\n<link rel=\"canonical\" href=\"https:\/\/www.agencetopo.qc.ca\/wp\/topo\/\" \/>\n<meta property=\"og:locale\" content=\"fr_FR\" \/>\n<meta property=\"og:type\" content=\"article\" \/>\n<meta property=\"og:title\" content=\"TOPO &bull; \u00c0 propos\" \/>\n<meta property=\"og:description\" content=\"{:fr}TOPO accompagne et outille les artistes dans leur exploration des pratiques contemporaines en art et litt\u00e9rature num\u00e9riques.{:en}TOPO, Montreal-based artist-run centre, assists and equip artists in their exploration of contemporary digital art and litterature practices.{:}\" \/>\n<meta property=\"og:url\" content=\"https:\/\/www.agencetopo.qc.ca\/wp\/topo\/\" \/>\n<meta property=\"og:site_name\" content=\"TOPO\" \/>\n<meta property=\"article:publisher\" content=\"https:\/\/www.facebook.com\/topomtl\" \/>\n<meta property=\"article:modified_time\" content=\"2024-02-13T21:02:46+00:00\" \/>\n<meta property=\"og:image\" content=\"https:\/\/www.agencetopo.qc.ca\/wp\/wp-content\/uploads\/2023\/09\/MichelLefebvre-rond.png\" \/>\n<meta name=\"twitter:card\" content=\"summary\" \/>\n<meta name=\"twitter:site\" content=\"@TOPO_mtl\" \/>\n<meta name=\"twitter:label1\" content=\"Dur\u00e9e de lecture est.\" \/>\n\t<meta name=\"twitter:data1\" content=\"5 minutes\" \/>\n<!-- \/ Yoast SEO plugin. -->","_links":{"self":[{"href":"https:\/\/www.agencetopo.qc.ca\/wp\/wp-json\/wp\/v2\/pages\/5"}],"collection":[{"href":"https:\/\/www.agencetopo.qc.ca\/wp\/wp-json\/wp\/v2\/pages"}],"about":[{"href":"https:\/\/www.agencetopo.qc.ca\/wp\/wp-json\/wp\/v2\/types\/page"}],"author":[{"embeddable":true,"href":"https:\/\/www.agencetopo.qc.ca\/wp\/wp-json\/wp\/v2\/users\/2"}],"replies":[{"embeddable":true,"href":"https:\/\/www.agencetopo.qc.ca\/wp\/wp-json\/wp\/v2\/comments?post=5"}],"version-history":[{"count":171,"href":"https:\/\/www.agencetopo.qc.ca\/wp\/wp-json\/wp\/v2\/pages\/5\/revisions"}],"predecessor-version":[{"id":14870,"href":"https:\/\/www.agencetopo.qc.ca\/wp\/wp-json\/wp\/v2\/pages\/5\/revisions\/14870"}],"wp:attachment":[{"href":"https:\/\/www.agencetopo.qc.ca\/wp\/wp-json\/wp\/v2\/media?parent=5"}],"curies":[{"name":"wp","href":"https:\/\/api.w.org\/{rel}","templated":true}]}}