{"id":8017,"date":"2017-03-02T17:07:38","date_gmt":"2017-03-02T22:07:38","guid":{"rendered":"http:\/\/www.agencetopo.qc.ca\/wp\/?page_id=8017"},"modified":"2023-12-12T14:58:49","modified_gmt":"2023-12-12T19:58:49","slug":"location-de-local","status":"publish","type":"page","link":"https:\/\/www.agencetopo.qc.ca\/wp\/location-de-local\/","title":{"rendered":"[:fr]Location du local[:en]Space Rental[:]"},"content":{"rendered":"<p><\/p>\n<h1 style=\"text-align: center;\">Besoin d&rsquo;espace ?<\/h1>\n<h3 style=\"text-align: center;\">Formation, exposition courte, conf\u00e9rence, tournage, s\u00e9ance photo, r\u00e9p\u00e9tition, atelier, brainstorming, soir\u00e9e de r\u00e9seautage, campagne de financement, 5 \u00e0 7&#8230;<\/h3>\n<p>&nbsp;<\/p>\n<img loading=\"lazy\" class=\"aligncenter wp-image-8015\" src=\"http:\/\/www.agencetopo.qc.ca\/wp\/wp-content\/uploads\/2017\/03\/Bandeau960x400.jpg\" alt=\"\" width=\"1000\" height=\"417\" srcset=\"https:\/\/www.agencetopo.qc.ca\/wp\/wp-content\/uploads\/2017\/03\/Bandeau960x400.jpg 1019w, https:\/\/www.agencetopo.qc.ca\/wp\/wp-content\/uploads\/2017\/03\/Bandeau960x400-300x125.jpg 300w, https:\/\/www.agencetopo.qc.ca\/wp\/wp-content\/uploads\/2017\/03\/Bandeau960x400-768x320.jpg 768w, https:\/\/www.agencetopo.qc.ca\/wp\/wp-content\/uploads\/2017\/03\/Bandeau960x400-360x150.jpg 360w\" sizes=\"(max-width: 1000px) 100vw, 1000px\" \/>\n<p>&nbsp;<\/p>\n<p>Situ\u00e9 en plein coeur du Mile-End, dans un quartier vivant et cr\u00e9atif, TOPO offre son espace de production au 6e \u00e9tage du 5445 de Gasp\u00e9 pour des projets ponctuels*, artistiques, professionels et \u00e9v\u00e9nementiels.<\/p>\n<p>&nbsp;<\/p>\n<div class=\"responsive-table-line\" style=\"padding: 10px auto;\">\n<table class=\"table\">\n<tbody>\n<tr>\n<td>\n<div class=\"titre-tableau\">\u00c0 propos de la salle<\/div>\n<div>Salle multifonctionnelle situ\u00e9e dans le Mile-End<\/div>\n<\/td>\n<td>\n<div class=\"titre-tableau\">Capacit\u00e9<\/div>\n<div>100 debout<br \/>\n40 assis<\/div>\n<\/td>\n<td>\n<div class=\"titre-tableau\">Superficie<\/div>\n<div>\n<p>1200 p2 incluant la cuisinette<br \/>\n265 p2 studio semi-ferm\u00e9<\/p>\n<\/div>\n<\/td>\n<\/tr>\n<tr>\n<td>\n<div class=\"titre-tableau\">Look and feel<\/div>\n<div>Plafond haut<br \/>\nEspace d\u00e9gag\u00e9<br \/>\nPlancher de b\u00e9ton<br \/>\nStyle industriel<br \/>\nGrandes fen\u00eatres<br \/>\nMurs blanc et vides<\/div>\n<\/td>\n<td>\n<div class=\"titre-tableau\">Accessoires et services<\/div>\n<div>\u00c9quipement audiovisuel<br \/>\nRideaux de sc\u00e8ne noirs<br \/>\nAutop\u00f4les et crochets<br \/>\nPetite sc\u00e8ne<br \/>\nTables et chaises<br \/>\n\u00c9clairage de base<\/div>\n<\/td>\n<td>\n<div class=\"titre-tableau\">Alcool et nourriture<\/div>\n<div>Le centre peut s&rsquo;occuper du permis mais les frais sont \u00e0 votre charge. Amenez votre nourriture.<\/div>\n<\/td>\n<\/tr>\n<tr>\n<td>\n<div class=\"titre-tableau\">Commodit\u00e9s<\/div>\n<div>\n<p>Wifi<br \/>\nAcc\u00e8s au monte-charge<br \/>\nNombreuses prises \u00e9lectriques<br \/>\nPorte-manteaux<br \/>\nCuisinette<\/p>\n<\/div>\n<\/td>\n<td>\n<div class=\"titre-tableau\">Tarifs<\/div>\n<div><strong>300 $<\/strong> \/ journ\u00e9e<br \/>\n<strong>1200 $<\/strong> \/ Semaine (7jours)<br \/>\n<strong>50 $<\/strong> \/ h \u2013 Soutien technique**<\/div>\n<\/td>\n<td>\n<div class=\"titre-tableau\">Plan de la salle<\/div>\n<div><a href=\"http:\/\/agencetopo.qc.ca\/wp\/wp-content\/uploads\/2020\/02\/Plan_salle_TOPO.pdf\">Voir le pdf<\/a><\/div>\n<\/td>\n<\/tr>\n<\/tbody>\n<\/table>\n<\/div>\n<div style=\"font-size: 13px; color: grey;\">* Disponibilit\u00e9s variables en fonction des activit\u00e9s de l\u2019organisme.<br \/>\n**\u00a0Aide au montage et\/ou pour faire fonctionner l\u2019\u00e9quipement. Si le client n\u2019est pas familier avec l\u2019\u00e9quipement, des frais d\u2019aide technique devront \u00eatre ajout\u00e9s au forfait.<\/div>\n<p>&nbsp;<\/p>\n<h3>Location d&rsquo;\u00e9quipement<\/h3>\n<p>Sous r\u00e9serve de disponibilit\u00e9 \u2013 Possibilit\u00e9 d&rsquo;entente forfaitaire.<br \/>\nDiff\u00e9rents types d&rsquo;\u00e9quipement pourraient vous \u00eatre utiles, <a href=\"http:\/\/www.agencetopo.qc.ca\/wp\/equipements\/\">voyez la liste ici<\/a>.<\/p>\n<p><b>La location d&rsquo;\u00e9quipement est r\u00e9serv\u00e9e \u00e0 nos membres (<a href=\"https:\/\/www.agencetopo.qc.ca\/wp\/topo\/devenir-membre\/\" target=\"_blank\" rel=\"noopener\">devenir membre<\/a><\/b>)<\/p>\n<p>&nbsp;<\/p>\n<p><strong>Pour plus d&rsquo;informations et pour r\u00e9server, contactez Maxime-Alexandre Gosselin, coordonnateur technique :\u00a0<\/strong><a href=\"&#x6d;&#97;&#x69;&#x6c;&#116;&#x6f;&#x3a;&#116;&#x65;&#x63;&#104;&#x40;&#x61;g&#x65;&#x6e;c&#x65;&#116;o&#x70;&#111;&#46;&#x71;&#99;&#46;&#x63;&#97;\">&#116;&#x65;&#99;&#x68;&#64;&#x74;&#111;&#x70;&#111;&#x2e;&#97;&#x72;&#116;<\/a><\/p>\n<p>&nbsp;<\/p>\n<p style=\"text-align: center;\"><!-- default-view.php -->\n<div\n\tclass=\"ngg-galleryoverview default-view  ngg-ajax-pagination-none\"\n\tid=\"ngg-gallery-ab89da3f95d9648085d7b51d84a1cc1a-1\">\n\n\t\t<!-- Thumbnails -->\n\t\t\t\t<div id=\"ngg-image-0\" class=\"ngg-gallery-thumbnail-box \" >\n\t\t\t\t        <div class=\"ngg-gallery-thumbnail\">\n            <a href=\"https:\/\/www.agencetopo.qc.ca\/wp\/wp-content\/gallery\/local\/03_Salle.jpg\"\n               title=\"\"\n               data-src=\"https:\/\/www.agencetopo.qc.ca\/wp\/wp-content\/gallery\/local\/03_Salle.jpg\"\n               data-thumbnail=\"https:\/\/www.agencetopo.qc.ca\/wp\/wp-content\/gallery\/local\/thumbs\/thumbs_03_Salle.jpg\"\n               data-image-id=\"713\"\n               data-title=\"03_Salle\"\n               data-description=\"\"\n               data-image-slug=\"03_salle\"\n               class=\"shutterset_ab89da3f95d9648085d7b51d84a1cc1a\">\n                <img\n                    title=\"03_Salle\"\n                    alt=\"03_Salle\"\n                    src=\"https:\/\/www.agencetopo.qc.ca\/wp\/wp-content\/gallery\/local\/thumbs\/thumbs_03_Salle.jpg\"\n                    width=\"170\"\n                    height=\"127\"\n                    style=\"max-width:100%;\"\n                \/>\n            <\/a>\n        <\/div>\n\t\t\t\t\t\t\t<\/div> \n\t\t\t\n\t\t\t\t<div id=\"ngg-image-1\" class=\"ngg-gallery-thumbnail-box \" >\n\t\t\t\t        <div class=\"ngg-gallery-thumbnail\">\n            <a href=\"https:\/\/www.agencetopo.qc.ca\/wp\/wp-content\/gallery\/local\/06_Salle.jpg\"\n               title=\"\"\n               data-src=\"https:\/\/www.agencetopo.qc.ca\/wp\/wp-content\/gallery\/local\/06_Salle.jpg\"\n               data-thumbnail=\"https:\/\/www.agencetopo.qc.ca\/wp\/wp-content\/gallery\/local\/thumbs\/thumbs_06_Salle.jpg\"\n               data-image-id=\"714\"\n               data-title=\"06_Salle\"\n               data-description=\"\"\n               data-image-slug=\"06_salle\"\n               class=\"shutterset_ab89da3f95d9648085d7b51d84a1cc1a\">\n                <img\n                    title=\"06_Salle\"\n                    alt=\"06_Salle\"\n                    src=\"https:\/\/www.agencetopo.qc.ca\/wp\/wp-content\/gallery\/local\/thumbs\/thumbs_06_Salle.jpg\"\n                    width=\"170\"\n                    height=\"127\"\n                    style=\"max-width:100%;\"\n                \/>\n            <\/a>\n        <\/div>\n\t\t\t\t\t\t\t<\/div> \n\t\t\t\n\t\t\t\t<div id=\"ngg-image-2\" class=\"ngg-gallery-thumbnail-box \" >\n\t\t\t\t        <div class=\"ngg-gallery-thumbnail\">\n            <a href=\"https:\/\/www.agencetopo.qc.ca\/wp\/wp-content\/gallery\/local\/08_Salle.jpg\"\n               title=\"\"\n               data-src=\"https:\/\/www.agencetopo.qc.ca\/wp\/wp-content\/gallery\/local\/08_Salle.jpg\"\n               data-thumbnail=\"https:\/\/www.agencetopo.qc.ca\/wp\/wp-content\/gallery\/local\/thumbs\/thumbs_08_Salle.jpg\"\n               data-image-id=\"716\"\n               data-title=\"08_Salle\"\n               data-description=\"\"\n               data-image-slug=\"08_salle\"\n               class=\"shutterset_ab89da3f95d9648085d7b51d84a1cc1a\">\n                <img\n                    title=\"08_Salle\"\n                    alt=\"08_Salle\"\n                    src=\"https:\/\/www.agencetopo.qc.ca\/wp\/wp-content\/gallery\/local\/thumbs\/thumbs_08_Salle.jpg\"\n                    width=\"170\"\n                    height=\"127\"\n                    style=\"max-width:100%;\"\n                \/>\n            <\/a>\n        <\/div>\n\t\t\t\t\t\t\t<\/div> \n\t\t\t\n\t\t\t\t<div id=\"ngg-image-3\" class=\"ngg-gallery-thumbnail-box \" >\n\t\t\t\t        <div class=\"ngg-gallery-thumbnail\">\n            <a href=\"https:\/\/www.agencetopo.qc.ca\/wp\/wp-content\/gallery\/local\/09_Salle.jpg\"\n               title=\"\"\n               data-src=\"https:\/\/www.agencetopo.qc.ca\/wp\/wp-content\/gallery\/local\/09_Salle.jpg\"\n               data-thumbnail=\"https:\/\/www.agencetopo.qc.ca\/wp\/wp-content\/gallery\/local\/thumbs\/thumbs_09_Salle.jpg\"\n               data-image-id=\"717\"\n               data-title=\"09_Salle\"\n               data-description=\"\"\n               data-image-slug=\"09_salle\"\n               class=\"shutterset_ab89da3f95d9648085d7b51d84a1cc1a\">\n                <img\n                    title=\"09_Salle\"\n                    alt=\"09_Salle\"\n                    src=\"https:\/\/www.agencetopo.qc.ca\/wp\/wp-content\/gallery\/local\/thumbs\/thumbs_09_Salle.jpg\"\n                    width=\"170\"\n                    height=\"127\"\n                    style=\"max-width:100%;\"\n                \/>\n            <\/a>\n        <\/div>\n\t\t\t\t\t\t\t<\/div> \n\t\t\t\n\t\t\t\t<div id=\"ngg-image-4\" class=\"ngg-gallery-thumbnail-box \" >\n\t\t\t\t        <div class=\"ngg-gallery-thumbnail\">\n            <a href=\"https:\/\/www.agencetopo.qc.ca\/wp\/wp-content\/gallery\/local\/10_Salle.jpg\"\n               title=\"\"\n               data-src=\"https:\/\/www.agencetopo.qc.ca\/wp\/wp-content\/gallery\/local\/10_Salle.jpg\"\n               data-thumbnail=\"https:\/\/www.agencetopo.qc.ca\/wp\/wp-content\/gallery\/local\/thumbs\/thumbs_10_Salle.jpg\"\n               data-image-id=\"718\"\n               data-title=\"10_Salle\"\n               data-description=\"\"\n               data-image-slug=\"10_salle\"\n               class=\"shutterset_ab89da3f95d9648085d7b51d84a1cc1a\">\n                <img\n                    title=\"10_Salle\"\n                    alt=\"10_Salle\"\n                    src=\"https:\/\/www.agencetopo.qc.ca\/wp\/wp-content\/gallery\/local\/thumbs\/thumbs_10_Salle.jpg\"\n                    width=\"170\"\n                    height=\"127\"\n                    style=\"max-width:100%;\"\n                \/>\n            <\/a>\n        <\/div>\n\t\t\t\t\t\t\t<\/div> \n\t\t\t\n\t\t\t\t<div id=\"ngg-image-5\" class=\"ngg-gallery-thumbnail-box \" >\n\t\t\t\t        <div class=\"ngg-gallery-thumbnail\">\n            <a href=\"https:\/\/www.agencetopo.qc.ca\/wp\/wp-content\/gallery\/local\/11_Salle.jpg\"\n               title=\"\"\n               data-src=\"https:\/\/www.agencetopo.qc.ca\/wp\/wp-content\/gallery\/local\/11_Salle.jpg\"\n               data-thumbnail=\"https:\/\/www.agencetopo.qc.ca\/wp\/wp-content\/gallery\/local\/thumbs\/thumbs_11_Salle.jpg\"\n               data-image-id=\"719\"\n               data-title=\"11_Salle\"\n               data-description=\"\"\n               data-image-slug=\"11_salle\"\n               class=\"shutterset_ab89da3f95d9648085d7b51d84a1cc1a\">\n                <img\n                    title=\"11_Salle\"\n                    alt=\"11_Salle\"\n                    src=\"https:\/\/www.agencetopo.qc.ca\/wp\/wp-content\/gallery\/local\/thumbs\/thumbs_11_Salle.jpg\"\n                    width=\"170\"\n                    height=\"127\"\n                    style=\"max-width:100%;\"\n                \/>\n            <\/a>\n        <\/div>\n\t\t\t\t\t\t\t<\/div> \n\t\t\t\n\t\t\t\t<div id=\"ngg-image-6\" class=\"ngg-gallery-thumbnail-box \" >\n\t\t\t\t        <div class=\"ngg-gallery-thumbnail\">\n            <a href=\"https:\/\/www.agencetopo.qc.ca\/wp\/wp-content\/gallery\/local\/12_Salle.jpg\"\n               title=\"\"\n               data-src=\"https:\/\/www.agencetopo.qc.ca\/wp\/wp-content\/gallery\/local\/12_Salle.jpg\"\n               data-thumbnail=\"https:\/\/www.agencetopo.qc.ca\/wp\/wp-content\/gallery\/local\/thumbs\/thumbs_12_Salle.jpg\"\n               data-image-id=\"720\"\n               data-title=\"12_Salle\"\n               data-description=\"\"\n               data-image-slug=\"12_salle\"\n               class=\"shutterset_ab89da3f95d9648085d7b51d84a1cc1a\">\n                <img\n                    title=\"12_Salle\"\n                    alt=\"12_Salle\"\n                    src=\"https:\/\/www.agencetopo.qc.ca\/wp\/wp-content\/gallery\/local\/thumbs\/thumbs_12_Salle.jpg\"\n                    width=\"170\"\n                    height=\"127\"\n                    style=\"max-width:100%;\"\n                \/>\n            <\/a>\n        <\/div>\n\t\t\t\t\t\t\t<\/div> \n\t\t\t\n\t\t\t\t<div id=\"ngg-image-7\" class=\"ngg-gallery-thumbnail-box \" >\n\t\t\t\t        <div class=\"ngg-gallery-thumbnail\">\n            <a href=\"https:\/\/www.agencetopo.qc.ca\/wp\/wp-content\/gallery\/local\/14_Salle.jpg\"\n               title=\"\"\n               data-src=\"https:\/\/www.agencetopo.qc.ca\/wp\/wp-content\/gallery\/local\/14_Salle.jpg\"\n               data-thumbnail=\"https:\/\/www.agencetopo.qc.ca\/wp\/wp-content\/gallery\/local\/thumbs\/thumbs_14_Salle.jpg\"\n               data-image-id=\"722\"\n               data-title=\"14_Salle\"\n               data-description=\"\"\n               data-image-slug=\"14_salle\"\n               class=\"shutterset_ab89da3f95d9648085d7b51d84a1cc1a\">\n                <img\n                    title=\"14_Salle\"\n                    alt=\"14_Salle\"\n                    src=\"https:\/\/www.agencetopo.qc.ca\/wp\/wp-content\/gallery\/local\/thumbs\/thumbs_14_Salle.jpg\"\n                    width=\"170\"\n                    height=\"127\"\n                    style=\"max-width:100%;\"\n                \/>\n            <\/a>\n        <\/div>\n\t\t\t\t\t\t\t<\/div> \n\t\t\t\n\t\t\t\t<div id=\"ngg-image-8\" class=\"ngg-gallery-thumbnail-box \" >\n\t\t\t\t        <div class=\"ngg-gallery-thumbnail\">\n            <a href=\"https:\/\/www.agencetopo.qc.ca\/wp\/wp-content\/gallery\/local\/low01_Salle.jpg\"\n               title=\"\"\n               data-src=\"https:\/\/www.agencetopo.qc.ca\/wp\/wp-content\/gallery\/local\/low01_Salle.jpg\"\n               data-thumbnail=\"https:\/\/www.agencetopo.qc.ca\/wp\/wp-content\/gallery\/local\/thumbs\/thumbs_low01_Salle.jpg\"\n               data-image-id=\"724\"\n               data-title=\"low01_Salle\"\n               data-description=\"\"\n               data-image-slug=\"low01_salle\"\n               class=\"shutterset_ab89da3f95d9648085d7b51d84a1cc1a\">\n                <img\n                    title=\"low01_Salle\"\n                    alt=\"low01_Salle\"\n                    src=\"https:\/\/www.agencetopo.qc.ca\/wp\/wp-content\/gallery\/local\/thumbs\/thumbs_low01_Salle.jpg\"\n                    width=\"170\"\n                    height=\"127\"\n                    style=\"max-width:100%;\"\n                \/>\n            <\/a>\n        <\/div>\n\t\t\t\t\t\t\t<\/div> \n\t\t\t\n\t\t\t\t<div id=\"ngg-image-9\" class=\"ngg-gallery-thumbnail-box \" >\n\t\t\t\t        <div class=\"ngg-gallery-thumbnail\">\n            <a href=\"https:\/\/www.agencetopo.qc.ca\/wp\/wp-content\/gallery\/local\/low02_Salle.jpg\"\n               title=\"\"\n               data-src=\"https:\/\/www.agencetopo.qc.ca\/wp\/wp-content\/gallery\/local\/low02_Salle.jpg\"\n               data-thumbnail=\"https:\/\/www.agencetopo.qc.ca\/wp\/wp-content\/gallery\/local\/thumbs\/thumbs_low02_Salle.jpg\"\n               data-image-id=\"725\"\n               data-title=\"low02_Salle\"\n               data-description=\"\"\n               data-image-slug=\"low02_salle\"\n               class=\"shutterset_ab89da3f95d9648085d7b51d84a1cc1a\">\n                <img\n                    title=\"low02_Salle\"\n                    alt=\"low02_Salle\"\n                    src=\"https:\/\/www.agencetopo.qc.ca\/wp\/wp-content\/gallery\/local\/thumbs\/thumbs_low02_Salle.jpg\"\n                    width=\"170\"\n                    height=\"127\"\n                    style=\"max-width:100%;\"\n                \/>\n            <\/a>\n        <\/div>\n\t\t\t\t\t\t\t<\/div> \n\t\t\t\n\t\t\t\t<div id=\"ngg-image-10\" class=\"ngg-gallery-thumbnail-box \" >\n\t\t\t\t        <div class=\"ngg-gallery-thumbnail\">\n            <a href=\"https:\/\/www.agencetopo.qc.ca\/wp\/wp-content\/gallery\/local\/low04_Salle.jpg\"\n               title=\"\"\n               data-src=\"https:\/\/www.agencetopo.qc.ca\/wp\/wp-content\/gallery\/local\/low04_Salle.jpg\"\n               data-thumbnail=\"https:\/\/www.agencetopo.qc.ca\/wp\/wp-content\/gallery\/local\/thumbs\/thumbs_low04_Salle.jpg\"\n               data-image-id=\"726\"\n               data-title=\"low04_Salle\"\n               data-description=\"\"\n               data-image-slug=\"low04_salle\"\n               class=\"shutterset_ab89da3f95d9648085d7b51d84a1cc1a\">\n                <img\n                    title=\"low04_Salle\"\n                    alt=\"low04_Salle\"\n                    src=\"https:\/\/www.agencetopo.qc.ca\/wp\/wp-content\/gallery\/local\/thumbs\/thumbs_low04_Salle.jpg\"\n                    width=\"170\"\n                    height=\"127\"\n                    style=\"max-width:100%;\"\n                \/>\n            <\/a>\n        <\/div>\n\t\t\t\t\t\t\t<\/div> \n\t\t\t\n\t\t\t\t<div id=\"ngg-image-11\" class=\"ngg-gallery-thumbnail-box \" >\n\t\t\t\t        <div class=\"ngg-gallery-thumbnail\">\n            <a href=\"https:\/\/www.agencetopo.qc.ca\/wp\/wp-content\/gallery\/local\/low05_Salle.jpg\"\n               title=\"\"\n               data-src=\"https:\/\/www.agencetopo.qc.ca\/wp\/wp-content\/gallery\/local\/low05_Salle.jpg\"\n               data-thumbnail=\"https:\/\/www.agencetopo.qc.ca\/wp\/wp-content\/gallery\/local\/thumbs\/thumbs_low05_Salle.jpg\"\n               data-image-id=\"727\"\n               data-title=\"low05_Salle\"\n               data-description=\"\"\n               data-image-slug=\"low05_salle\"\n               class=\"shutterset_ab89da3f95d9648085d7b51d84a1cc1a\">\n                <img\n                    title=\"low05_Salle\"\n                    alt=\"low05_Salle\"\n                    src=\"https:\/\/www.agencetopo.qc.ca\/wp\/wp-content\/gallery\/local\/thumbs\/thumbs_low05_Salle.jpg\"\n                    width=\"170\"\n                    height=\"127\"\n                    style=\"max-width:100%;\"\n                \/>\n            <\/a>\n        <\/div>\n\t\t\t\t\t\t\t<\/div> \n\t\t\t\n\t\n\t<br style=\"clear: both\" \/>\n\n\t\n\t\t<!-- Pagination -->\n\t<div class='ngg-clear'><\/div>\t<\/div>\n<\/p>\n<p><\/p>","protected":false},"excerpt":{"rendered":"<p>Besoin d&rsquo;espace ? Formation, exposition courte, conf\u00e9rence, tournage, s\u00e9ance photo, r\u00e9p\u00e9tition, atelier, brainstorming, soir\u00e9e de r\u00e9seautage, campagne de financement, 5 \u00e0 7&#8230; &nbsp; &nbsp; Situ\u00e9 en plein coeur du Mile-End, dans un quartier vivant et cr\u00e9atif, TOPO offre son espace de production au 6e \u00e9tage du 5445 de Gasp\u00e9 pour des projets ponctuels*, artistiques, professionels <a class=\"read-more\" href=\"https:\/\/www.agencetopo.qc.ca\/wp\/location-de-local\/\">Lire la suite &raquo;<\/a><\/p>\n","protected":false},"author":2,"featured_media":8015,"parent":0,"menu_order":0,"comment_status":"closed","ping_status":"closed","template":"page-full-width.php","meta":{"ngg_post_thumbnail":0},"yoast_head":"<!-- This site is optimized with the Yoast SEO plugin v16.5 - https:\/\/yoast.com\/wordpress\/plugins\/seo\/ -->\n<title>TOPO &bull; Location du local<\/title>\n<meta name=\"description\" content=\"Formation, exposition courte, conf\u00e9rence, tournage, s\u00e9ance photo, r\u00e9p\u00e9tition, atelier, brainstorming, soir\u00e9e de r\u00e9seautage, 5 \u00e0 7\u2026\" \/>\n<meta name=\"robots\" content=\"index, follow, max-snippet:-1, max-image-preview:large, max-video-preview:-1\" \/>\n<link rel=\"canonical\" href=\"https:\/\/www.agencetopo.qc.ca\/wp\/location-de-local\/\" \/>\n<meta property=\"og:locale\" content=\"fr_FR\" \/>\n<meta property=\"og:type\" content=\"article\" \/>\n<meta property=\"og:title\" content=\"TOPO &bull; Location du local\" \/>\n<meta property=\"og:description\" content=\"{:fr}Formation, exposition courte, conf\u00e9rence, tournage, s\u00e9ance photo, r\u00e9p\u00e9tition, atelier, brainstorming, soir\u00e9e de r\u00e9seautage, 5 \u00e0 7\u2026{:}\" \/>\n<meta property=\"og:url\" content=\"https:\/\/www.agencetopo.qc.ca\/wp\/location-de-local\/\" \/>\n<meta property=\"og:site_name\" content=\"TOPO\" \/>\n<meta property=\"article:publisher\" content=\"https:\/\/www.facebook.com\/topomtl\" \/>\n<meta property=\"article:modified_time\" content=\"2023-12-12T19:58:49+00:00\" \/>\n<meta property=\"og:image\" content=\"https:\/\/www.agencetopo.qc.ca\/wp\/wp-content\/uploads\/2017\/03\/Bandeau960x400.jpg\" \/>\n\t<meta property=\"og:image:width\" content=\"1019\" \/>\n\t<meta property=\"og:image:height\" content=\"425\" \/>\n<meta name=\"twitter:card\" content=\"summary\" \/>\n<meta name=\"twitter:site\" content=\"@TOPO_mtl\" \/>\n<meta name=\"twitter:label1\" content=\"Dur\u00e9e de lecture est.\" \/>\n\t<meta name=\"twitter:data1\" content=\"2 minutes\" \/>\n<!-- \/ Yoast SEO plugin. -->","_links":{"self":[{"href":"https:\/\/www.agencetopo.qc.ca\/wp\/wp-json\/wp\/v2\/pages\/8017"}],"collection":[{"href":"https:\/\/www.agencetopo.qc.ca\/wp\/wp-json\/wp\/v2\/pages"}],"about":[{"href":"https:\/\/www.agencetopo.qc.ca\/wp\/wp-json\/wp\/v2\/types\/page"}],"author":[{"embeddable":true,"href":"https:\/\/www.agencetopo.qc.ca\/wp\/wp-json\/wp\/v2\/users\/2"}],"replies":[{"embeddable":true,"href":"https:\/\/www.agencetopo.qc.ca\/wp\/wp-json\/wp\/v2\/comments?post=8017"}],"version-history":[{"count":70,"href":"https:\/\/www.agencetopo.qc.ca\/wp\/wp-json\/wp\/v2\/pages\/8017\/revisions"}],"predecessor-version":[{"id":14532,"href":"https:\/\/www.agencetopo.qc.ca\/wp\/wp-json\/wp\/v2\/pages\/8017\/revisions\/14532"}],"wp:featuredmedia":[{"embeddable":true,"href":"https:\/\/www.agencetopo.qc.ca\/wp\/wp-json\/wp\/v2\/media\/8015"}],"wp:attachment":[{"href":"https:\/\/www.agencetopo.qc.ca\/wp\/wp-json\/wp\/v2\/media?parent=8017"}],"curies":[{"name":"wp","href":"https:\/\/api.w.org\/{rel}","templated":true}]}}